{"id":88,"date":"2017-12-29T18:11:39","date_gmt":"2017-12-29T16:11:39","guid":{"rendered":"http:\/\/www.wohde-art.de\/wordpress\/?page_id=88"},"modified":"2022-05-12T17:08:41","modified_gmt":"2022-05-12T15:08:41","slug":"impressum","status":"publish","type":"page","link":"https:\/\/www.wohde-art.de\/wordpress\/?page_id=88","title":{"rendered":"Impressum"},"content":{"rendered":"<p>Verantwortlich f\u00fcr diese Website im Sinne des Presserechts:<\/p>\n<p>Gustav Wohde<br \/>\n<a href=\"http:\/\/www.wohde-art.de\/wordpress\/wp-content\/uploads\/2017\/12\/Bildschirmfoto-vom-2017-12-29-170440.png\"><img loading=\"lazy\" decoding=\"async\" class=\"alignnone size-full wp-image-90\" src=\"http:\/\/www.wohde-art.de\/wordpress\/wp-content\/uploads\/2017\/12\/Bildschirmfoto-vom-2017-12-29-170440.png\" alt=\"\" width=\"201\" height=\"19\" \/><\/a><\/p>\n<p>\u00a9 2004-2023 wohde-art<\/p>\n<p>Alle Rechte, auch die des auszugsweisen Nachdrucks, der fotomechanischen Wiedergabe sowie der Auswertung durch Datenbanken, auch der Einspeisung, Verarbeitung in elektronischen Systemen, vorbehalten. Gleiches gilt auch f\u00fcr Multimedia-Daten (Ton, Bilder etc.).<\/p>\n<p>Alle Angaben\/Daten nach besten Wissen, jedoch ohne Gew\u00e4hr f\u00fcr Vollst\u00e4ndigkeit und Richtigkeit.<\/p>\n<p>F\u00fcr alle erw\u00e4hnten Markennamen, Produktnamen, Logos und Grafiken gelten die Copyright-Bestimmungen des jeweiligen Markeninhabers bzw. Herstellers.<\/p>\n","protected":false},"excerpt":{"rendered":"<p>Verantwortlich f\u00fcr diese Website im Sinne des Presserechts: Gustav Wohde \u00a9 2004-2023 wohde-art Alle Rechte, auch die des auszugsweisen Nachdrucks, der fotomechanischen Wiedergabe sowie der Auswertung durch Datenbanken, auch der Einspeisung, Verarbeitung in elektronischen Systemen, vorbehalten. Gleiches gilt auch f\u00fcr Multimedia-Daten (Ton, Bilder etc.). Alle Angaben\/Daten nach besten Wissen, jedoch ohne Gew\u00e4hr f\u00fcr Vollst\u00e4ndigkeit und &hellip; <a href=\"https:\/\/www.wohde-art.de\/wordpress\/?page_id=88\" class=\"more-link\"><span class=\"screen-reader-text\">Impressum<\/span> weiterlesen <span class=\"meta-nav\">&rarr;<\/span><\/a><\/p>\n","protected":false},"author":1,"featured_media":0,"parent":0,"menu_order":5,"comment_status":"closed","ping_status":"closed","template":"","meta":{"footnotes":""},"class_list":["post-88","page","type-page","status-publish","hentry"],"_links":{"self":[{"href":"https:\/\/www.wohde-art.de\/wordpress\/index.php?rest_route=\/wp\/v2\/pages\/88","targetHints":{"allow":["GET"]}}],"collection":[{"href":"https:\/\/www.wohde-art.de\/wordpress\/index.php?rest_route=\/wp\/v2\/pages"}],"about":[{"href":"https:\/\/www.wohde-art.de\/wordpress\/index.php?rest_route=\/wp\/v2\/types\/page"}],"author":[{"embeddable":true,"href":"https:\/\/www.wohde-art.de\/wordpress\/index.php?rest_route=\/wp\/v2\/users\/1"}],"replies":[{"embeddable":true,"href":"https:\/\/www.wohde-art.de\/wordpress\/index.php?rest_route=%2Fwp%2Fv2%2Fcomments&post=88"}],"version-history":[{"count":9,"href":"https:\/\/www.wohde-art.de\/wordpress\/index.php?rest_route=\/wp\/v2\/pages\/88\/revisions"}],"predecessor-version":[{"id":1019,"href":"https:\/\/www.wohde-art.de\/wordpress\/index.php?rest_route=\/wp\/v2\/pages\/88\/revisions\/1019"}],"wp:attachment":[{"href":"https:\/\/www.wohde-art.de\/wordpress\/index.php?rest_route=%2Fwp%2Fv2%2Fmedia&parent=88"}],"curies":[{"name":"wp","href":"https:\/\/api.w.org\/{rel}","templated":true}]}}