{"id":93,"date":"2017-12-29T18:50:09","date_gmt":"2017-12-29T16:50:09","guid":{"rendered":"http:\/\/www.wohde-art.de\/wordpress\/?page_id=93"},"modified":"2022-05-12T16:46:30","modified_gmt":"2022-05-12T14:46:30","slug":"agb","status":"publish","type":"page","link":"https:\/\/www.wohde-art.de\/wordpress\/?page_id=93","title":{"rendered":"AGB"},"content":{"rendered":"\n<p>AGB Allgemeine Gesch\u00e4ftsbedingungen<\/p>\n\n\n\n<p>1.<br>Vertragspartner im Rahmen der folgenden Allgemeinen Gesch\u00e4ftsbedingungen sind wohde-art und der bestellende Mensch.<\/p>\n\n\n\n<p>2.<br>Vertragsabschluss<br>Der Kaufvertrag kommt aufgrund Ihrer Bestellung mittels E-Mail, oder postalisch zustande, bzw. mit Lieferzusage oder sp\u00e4testens mit Lieferung der Ware.<\/p>\n\n\n\n<p>3.<br>Lieferf\u00e4higkeit<br>Die Lieferung erfolgt durch Sendung an die vom bestellenden Mensch mitgeteilte Adresse jedoch ausschlie\u00dflich innerhalb der Bundesrepublik Deutschland. Etwaige Angaben \u00fcber Lieferfristen sind unverbindlich, soweit nicht ausnahmsweise der Liefertermin verbindlich und schriftlich zugesagt wurde. Erfolgt die Lieferung oder Erbringung der Leistung nicht termingem\u00e4\u00df, so muss der bestellende Mensch eine Nachfrist von 14 Tagen setzen. Sollte ein vom bestellenden Menschen bestelltes Produkt nicht verf\u00fcgbar sein, beh\u00e4lt sich wohde-art vor keine Auftragsbest\u00e4tigung zu erteilen bzw. vom Vertrag zur\u00fcckzutreten. Bei nicht Verf\u00fcgbarkeit der Ware werde ich Sie unterrichten und eine Vorauszahlung wird erstattet. Der bestellende Mensch hat f\u00fcr die \u00dcbernahme und Sicherstellung der Ware am Lieferort zu sorgen. Jede Lieferung steht unter dem Vorbehalt, dass wohde-art selbst rechtzeitig und ordnungsgem\u00e4\u00df beliefert worden ist und fehlende Verf\u00fcgbarkeit nicht zu vertreten hat. Schadensersatz, auch bei versp\u00e4teter oder unvollst\u00e4ndiger Lieferung, ist ausgeschlossen.<\/p>\n\n\n\n<p>4.<br>Zahlungsbedingungen<br>Die Zahlung wird mit Bestellung des Produkts durch den bestellenden menschen ohne Abzug f\u00e4llig.<br>Die Preise verstehen sich inklusive der in Deutschland geltenden Umsatzsteuer. Preis\u00e4nderungen und Irrt\u00fcmer sind vorbehalten. Dieses gilt sowohl f\u00fcr Auftragsarbeiten als auch f\u00fcr Originale aus dem Sortiment der freien Arbeiten. Angebote sind frei bleibend. Der Versand erfolgt per Vorauskasse oder per Nachnahme zu den Bedingungen der jeweiligen unabh\u00e4ngigen Transportanbietern. Die Nachnahmegeb\u00fchr tr\u00e4gt der bestellende Mensch. Die Versandkosten innerhalb Deutschlands fallen je nach Verpackungsgr\u00f6\u00dfe und Gewicht aus und richten sich nach der Geb\u00fchrenverordnung der Deutschen Post. Die Kosten f\u00fcr das Verpackungsmaterial tr\u00e4gt der bestellende Mensch.<\/p>\n\n\n\n<p>5.<br>Eigentumsvorbehalt<br>Die Ware bleibt bis zur vollst\u00e4ndigen Bezahlung Eigentum von wohde-art.<\/p>\n\n\n\n<p>6.<br>Widerrufsbelehrung<\/p>\n\n\n\n<p>Widerrufsrecht<br>Der bestellende Mensch kann seine Vertragserkl\u00e4rung innerhalb von 14 Tagen ohne Angabe von Gr\u00fcnden in Textform (z.B. Brief, E-Mail oder durch R\u00fccksendung der Sache) widerrufen. Die Frist beginnt fr\u00fchestens mit Erhalt dieser Belehrung. Zur Wahrung der Widerrufsfrist gen\u00fcgt die rechtzeitige Absendung des Widerrufs oder der Sache. Der Widerruf ist zu richten an die unter unter Punkt 1 angegebene E-Mailadresse oder Adresse.<br>F\u00fcr Auftragsarbeiten wird lediglich eine Stornierung des Auftrages gew\u00e4hrt, solange die Arbeiten an dem Bild noch nicht begonnen haben. Bei bereits begonnenen Arbeiten wird eine Aufwandsentsch\u00e4digung in H\u00f6he von 50% des Endpreises berechnet.<\/p>\n\n\n\n<p>R\u00fcckgabeberecht<br>Sie k\u00f6nnen die erhaltene Ware ohne Angabe von Gr\u00fcnden innerhalb von 14 Tagen durch R\u00fccksendung der Ware zur\u00fcckgeben. Die Frist beginnt fr\u00fchestens mit Erhalt der Ware und dieser Belehrung. Nur bei nicht paketversandf\u00e4higer Ware (z.B. bei sperrigen G\u00fctern) k\u00f6nnen Sie die R\u00fcckgabe auch durch R\u00fccknahmeverlangen in Textform, also Brief oder E-Mail erkl\u00e4ren. Zur Wahrung der Frist gen\u00fcgt die rechtzeitige Absendung der Ware oder des R\u00fccknahmeverlangens. Der bestellende Mensch tr\u00e4gt die Kosten f\u00fcr die R\u00fccksendung, es sei denn, dass die gelieferte Ware nicht der bestellten entspricht. Die R\u00fccksendung hat zu erfolgen an: Adresse unter Punkt 1. Die Ware muss in einwandfreiem Zustand zur\u00fcckgeschickt werden.<br>Dies gilt jedoch nur f\u00fcr Werke aus dem Sortiment der freien Arbeiten und f\u00fcr Nachdrucke. Auftragsarbeiten sind von der R\u00fccknahme ausgeschlossen. Sollte die Ware durch den Transport besch\u00e4digt worden sein, muss dies sofort nach Erhalt beim Lieferanten reklamiert werden.<\/p>\n\n\n\n<p>7. <br>Datenschutz<br>Nutzerdaten, die f\u00fcr die Vertragsabwicklung sowie Gew\u00e4hrleistungsanspr\u00fcche notwendig sind, werden nur zu diesem Zweck verwendet und durch wohde-art f\u00fcr eine Dauer von h\u00f6chstens 12 Monaten gespeichert.<\/p>\n\n\n\n<p>8.<br>Verlinkte Webseiten Dritter<br>Wohde-Art (www.wohde-art.de) hat auf die Inhalte verlinkter Webseiten keinen Einfluss und ist hierf\u00fcr nicht verantwortlich. Wohde-art distanziert sich von s\u00e4mtlichen Inhalten der verlinkten Webseiten.<\/p>\n\n\n\n<p>9.<br>Wohde-art haftet nicht f\u00fcr Verf\u00fcgbarkeit und Erreichbarkeit seiner Webseite.<\/p>\n\n\n\n<p>10.<br>Copyright<br>Der bestellende Mensch erwirbt das Bild, nicht die Rechte am selbigen. Alle Rechte, auch die des auszugsweisen oder vollst\u00e4ndigen Nachdrucks, der fotomechanischen Wiedergabe sowie der Verarbeitung in elektronischen Systemen, sind wohde-art vorbehalten. Nutzungsrechte oder Kopierrechte werden gesondert verhandelt und bed\u00fcrfen der schriftlichen Zusage von wohde-art.<\/p>\n\n\n\n<p>11.<br>Schlussbestimmungen<br>Es gilt ausschlie\u00dflich das Recht der Bundesrepublik Deutschland unter Ausschluss des UN-Kaufrechtes.<br>Gustav Wohde beh\u00e4lt sich vor, diese AGB jederzeit und ohne Nennung von Gr\u00fcnden zu \u00e4ndern.<br>Sollte eine der Klauseln dieser Gesch\u00e4ftsbedingungen unwirksam sein oder werden, so wird die Wirksamkeit der \u00fcbrigen Klauseln dadurch nicht ber\u00fchrt.<br>Ausschlie\u00dflicher Gerichtsstand ist Sitz von wohde-art.<\/p>\n","protected":false},"excerpt":{"rendered":"<p>AGB Allgemeine Gesch\u00e4ftsbedingungen 1.Vertragspartner im Rahmen der folgenden Allgemeinen Gesch\u00e4ftsbedingungen sind wohde-art und der bestellende Mensch. 2.VertragsabschlussDer Kaufvertrag kommt aufgrund Ihrer Bestellung mittels E-Mail, oder postalisch zustande, bzw. mit Lieferzusage oder sp\u00e4testens mit Lieferung der Ware. 3.Lieferf\u00e4higkeitDie Lieferung erfolgt durch Sendung an die vom bestellenden Mensch mitgeteilte Adresse jedoch ausschlie\u00dflich innerhalb der Bundesrepublik Deutschland. Etwaige &hellip; <a href=\"https:\/\/www.wohde-art.de\/wordpress\/?page_id=93\" class=\"more-link\"><span class=\"screen-reader-text\">AGB<\/span> weiterlesen <span class=\"meta-nav\">&rarr;<\/span><\/a><\/p>\n","protected":false},"author":1,"featured_media":0,"parent":0,"menu_order":6,"comment_status":"closed","ping_status":"closed","template":"","meta":{"footnotes":""},"class_list":["post-93","page","type-page","status-publish","hentry"],"_links":{"self":[{"href":"https:\/\/www.wohde-art.de\/wordpress\/index.php?rest_route=\/wp\/v2\/pages\/93","targetHints":{"allow":["GET"]}}],"collection":[{"href":"https:\/\/www.wohde-art.de\/wordpress\/index.php?rest_route=\/wp\/v2\/pages"}],"about":[{"href":"https:\/\/www.wohde-art.de\/wordpress\/index.php?rest_route=\/wp\/v2\/types\/page"}],"author":[{"embeddable":true,"href":"https:\/\/www.wohde-art.de\/wordpress\/index.php?rest_route=\/wp\/v2\/users\/1"}],"replies":[{"embeddable":true,"href":"https:\/\/www.wohde-art.de\/wordpress\/index.php?rest_route=%2Fwp%2Fv2%2Fcomments&post=93"}],"version-history":[{"count":5,"href":"https:\/\/www.wohde-art.de\/wordpress\/index.php?rest_route=\/wp\/v2\/pages\/93\/revisions"}],"predecessor-version":[{"id":1018,"href":"https:\/\/www.wohde-art.de\/wordpress\/index.php?rest_route=\/wp\/v2\/pages\/93\/revisions\/1018"}],"wp:attachment":[{"href":"https:\/\/www.wohde-art.de\/wordpress\/index.php?rest_route=%2Fwp%2Fv2%2Fmedia&parent=93"}],"curies":[{"name":"wp","href":"https:\/\/api.w.org\/{rel}","templated":true}]}}